{"id":53,"date":"2021-09-17T10:40:30","date_gmt":"2021-09-17T10:40:30","guid":{"rendered":"https:\/\/wordpress-722045-2402992.cloudwaysapps.com\/?page_id=317"},"modified":"2021-09-17T10:40:30","modified_gmt":"2021-09-17T10:40:30","slug":"typography","status":"publish","type":"page","link":"https:\/\/ant.sanrafael360.com\/es\/typography\/","title":{"rendered":"Tipograf\u00eda"},"content":{"rendered":"<div data-elementor-type=\"wp-page\" data-elementor-id=\"53\" class=\"elementor elementor-53\">\n\t\t\t\t\t\t<section class=\"elementor-section elementor-top-section elementor-element elementor-element-72ed0509 elementor-section-boxed elementor-section-height-default elementor-section-height-default\" data-id=\"72ed0509\" data-element_type=\"section\" data-e-type=\"section\">\n\t\t\t\t\t\t<div class=\"elementor-container elementor-column-gap-default\">\n\t\t\t\t\t<div class=\"elementor-column elementor-col-100 elementor-top-column elementor-element elementor-element-5ae31cef\" data-id=\"5ae31cef\" data-element_type=\"column\" data-e-type=\"column\">\n\t\t\t<div class=\"elementor-widget-wrap elementor-element-populated\">\n\t\t\t\t\t\t<div class=\"elementor-element elementor-element-31afc31b elementor-widget elementor-widget-listeo-headline\" data-id=\"31afc31b\" data-element_type=\"widget\" data-e-type=\"widget\" data-widget_type=\"listeo-headline.default\">\n\t\t\t\t<div class=\"elementor-widget-container\">\n\t\t\t\t\t\t\t<h3 \n\t\tstyle=\"text-align:left;\" class=\"headline  headline-aligned-to-left  headline-box\"> cita en bloque <\/h3>\n\t\t\t\t\t\t<\/div>\n\t\t\t\t<\/div>\n\t\t\t\t<div class=\"elementor-element elementor-element-2d4174f6 elementor-widget elementor-widget-text-editor\" data-id=\"2d4174f6\" data-element_type=\"widget\" data-e-type=\"widget\" data-widget_type=\"text-editor.default\">\n\t\t\t\t<div class=\"elementor-widget-container\">\n\t\t\t\t\t\t\t\t\t<blockquote>Mauris aliquet ultricies ante, non faucibus ante gravida sed. Sed ultrices pellentesque purus, vulputate volutpat ipsum hendrerit sed neque sed sapien rutrum laoreet justo ultrices. In pellentesque lorem condimentum dui morbi pulvinar dui non quam pretium ut lacinia tortor.<\/blockquote>\t\t\t\t\t\t\t\t<\/div>\n\t\t\t\t<\/div>\n\t\t\t\t<div class=\"elementor-element elementor-element-4783ba5b elementor-widget elementor-widget-listeo-headline\" data-id=\"4783ba5b\" data-element_type=\"widget\" data-e-type=\"widget\" data-widget_type=\"listeo-headline.default\">\n\t\t\t\t<div class=\"elementor-widget-container\">\n\t\t\t\t\t\t\t<h3 \n\t\tstyle=\"text-align:left;\" class=\"headline  headline-aligned-to-left  headline-box\"> Elementos en l\u00ednea <\/h3>\n\t\t\t\t\t\t<\/div>\n\t\t\t\t<\/div>\n\t\t\t\t<div class=\"elementor-element elementor-element-323415e0 elementor-widget elementor-widget-text-editor\" data-id=\"323415e0\" data-element_type=\"widget\" data-e-type=\"widget\" data-widget_type=\"text-editor.default\">\n\t\t\t\t<div class=\"elementor-widget-container\">\n\t\t\t\t\t\t\t\t\tEtiam elit est, tincidunt non tincidunt <sup>Este es el elemento superior<\/sup>\u00a0elit, sed hacer. Mauris aliquet ultricies\u00a0<sub>Este es un subelemento<\/sub>\u00a0volutpat ipsum hendrerit laoreet justo ut labolore magna aliqua.\u00a0<del>Este es un elemento eliminado<\/del>\u00a0enim ad minim veniam. Lorem ipsum dosecttur. Adipising elit sed do\u00a0<mark class=\"color\">Marcar el elemento con la clase \u201ccolor\u201d.<\/mark>, consectetur adipisicing. Lorem\u00a0<dfn>Elemento dfn aqu\u00ed<\/dfn>\u00a0ipsum dosectetur tincidun sit amet,\u00a0<strong>texto fuerte<\/strong>. Aliquam eu id lectus. Vestibulum ante ipsum primis luctus et ultrices posuere cubilia. Lorem ipsum dosisctetur\u00a0<code>Texto de c\u00f3digo<\/code>\u00a0velit sagittis,\u00a0<abbr title=\"La etiqueta abr\">abreviatura<\/abbr>\u00a0elit est\u00a0<mark>Texto resaltado mediante la etiqueta \u201cmark\u201d<\/mark>.\t\t\t\t\t\t\t\t<\/div>\n\t\t\t\t<\/div>\n\t\t\t\t<div class=\"elementor-element elementor-element-4664d461 elementor-widget elementor-widget-listeo-headline\" data-id=\"4664d461\" data-element_type=\"widget\" data-e-type=\"widget\" data-widget_type=\"listeo-headline.default\">\n\t\t\t\t<div class=\"elementor-widget-container\">\n\t\t\t\t\t\t\t<h3 \n\t\tstyle=\"text-align:left;\" class=\"headline  headline-aligned-to-left  headline-box\"> Listas de iconos <\/h3>\n\t\t\t\t\t\t<\/div>\n\t\t\t\t<\/div>\n\t\t\t\t<section class=\"elementor-section elementor-inner-section elementor-element elementor-element-5734db4 elementor-section-boxed elementor-section-height-default elementor-section-height-default\" data-id=\"5734db4\" data-element_type=\"section\" data-e-type=\"section\">\n\t\t\t\t\t\t<div class=\"elementor-container elementor-column-gap-no\">\n\t\t\t\t\t<div class=\"elementor-column elementor-col-25 elementor-inner-column elementor-element elementor-element-19e90623\" data-id=\"19e90623\" data-element_type=\"column\" data-e-type=\"column\">\n\t\t\t<div class=\"elementor-widget-wrap elementor-element-populated\">\n\t\t\t\t\t\t<div class=\"elementor-element elementor-element-1122c487 elementor-widget elementor-widget-text-editor\" data-id=\"1122c487\" data-element_type=\"widget\" data-e-type=\"widget\" data-widget_type=\"text-editor.default\">\n\t\t\t\t<div class=\"elementor-widget-container\">\n\t\t\t\t\t\t\t\t\t<div class=\"list-1\">\n<ul>\n \t<li>Lorem ipsum dolor sit amet<\/li>\n \t<li>Consectetur adipiscing elit<\/li>\n \t<li>Entero molestie lorem en masa<\/li>\n \t<li>Facilisis en pretium nisl aliquet<\/li>\n<\/ul>\n<\/div>\t\t\t\t\t\t\t\t<\/div>\n\t\t\t\t<\/div>\n\t\t\t\t\t<\/div>\n\t\t<\/div>\n\t\t\t\t<div class=\"elementor-column elementor-col-25 elementor-inner-column elementor-element elementor-element-75b4c74b\" data-id=\"75b4c74b\" data-element_type=\"column\" data-e-type=\"column\">\n\t\t\t<div class=\"elementor-widget-wrap elementor-element-populated\">\n\t\t\t\t\t\t<div class=\"elementor-element elementor-element-70ea70c7 elementor-widget elementor-widget-text-editor\" data-id=\"70ea70c7\" data-element_type=\"widget\" data-e-type=\"widget\" data-widget_type=\"text-editor.default\">\n\t\t\t\t<div class=\"elementor-widget-container\">\n\t\t\t\t\t\t\t\t\t<div class=\"list-2\">\n<ul>\n \t<li>Lorem ipsum dolor sit amet<\/li>\n \t<li>Consectetur adipiscing elit<\/li>\n \t<li>Entero molestie lorem en masa<\/li>\n \t<li>Facilisis en pretium nisl aliquet<\/li>\n<\/ul>\n<\/div>\t\t\t\t\t\t\t\t<\/div>\n\t\t\t\t<\/div>\n\t\t\t\t\t<\/div>\n\t\t<\/div>\n\t\t\t\t<div class=\"elementor-column elementor-col-25 elementor-inner-column elementor-element elementor-element-3efaedec\" data-id=\"3efaedec\" data-element_type=\"column\" data-e-type=\"column\">\n\t\t\t<div class=\"elementor-widget-wrap elementor-element-populated\">\n\t\t\t\t\t\t<div class=\"elementor-element elementor-element-1c649a57 elementor-widget elementor-widget-text-editor\" data-id=\"1c649a57\" data-element_type=\"widget\" data-e-type=\"widget\" data-widget_type=\"text-editor.default\">\n\t\t\t\t<div class=\"elementor-widget-container\">\n\t\t\t\t\t\t\t\t\t<div class=\"list-3\">\n<ul>\n \t<li>Lorem ipsum dolor sit amet<\/li>\n \t<li>Consectetur adipiscing elit<\/li>\n \t<li>Entero molestie lorem en masa<\/li>\n \t<li>Facilisis en pretium nisl aliquet<\/li>\n<\/ul>\n<\/div>\t\t\t\t\t\t\t\t<\/div>\n\t\t\t\t<\/div>\n\t\t\t\t\t<\/div>\n\t\t<\/div>\n\t\t\t\t<div class=\"elementor-column elementor-col-25 elementor-inner-column elementor-element elementor-element-3047721d\" data-id=\"3047721d\" data-element_type=\"column\" data-e-type=\"column\">\n\t\t\t<div class=\"elementor-widget-wrap elementor-element-populated\">\n\t\t\t\t\t\t<div class=\"elementor-element elementor-element-2e6c03ce elementor-widget elementor-widget-text-editor\" data-id=\"2e6c03ce\" data-element_type=\"widget\" data-e-type=\"widget\" data-widget_type=\"text-editor.default\">\n\t\t\t\t<div class=\"elementor-widget-container\">\n\t\t\t\t\t\t\t\t\t<div class=\"list-4\">\n<ul>\n \t<li>Lorem ipsum dolor sit amet<\/li>\n \t<li>Consectetur adipiscing elit<\/li>\n \t<li>Entero molestie lorem en masa<\/li>\n \t<li>Facilisis en pretium nisl aliquet<\/li>\n<\/ul>\n<\/div>\t\t\t\t\t\t\t\t<\/div>\n\t\t\t\t<\/div>\n\t\t\t\t\t<\/div>\n\t\t<\/div>\n\t\t\t\t\t<\/div>\n\t\t<\/section>\n\t\t\t\t<div class=\"elementor-element elementor-element-60c597b7 elementor-widget elementor-widget-listeo-headline\" data-id=\"60c597b7\" data-element_type=\"widget\" data-e-type=\"widget\" data-widget_type=\"listeo-headline.default\">\n\t\t\t\t<div class=\"elementor-widget-container\">\n\t\t\t\t\t\t\t<h3 \n\t\tstyle=\"text-align:left;\" class=\"headline  headline-aligned-to-left  headline-box\"> Listas numeradas <\/h3>\n\t\t\t\t\t\t<\/div>\n\t\t\t\t<\/div>\n\t\t\t\t<section class=\"elementor-section elementor-inner-section elementor-element elementor-element-31319821 elementor-section-boxed elementor-section-height-default elementor-section-height-default\" data-id=\"31319821\" data-element_type=\"section\" data-e-type=\"section\">\n\t\t\t\t\t\t<div class=\"elementor-container elementor-column-gap-default\">\n\t\t\t\t\t<div class=\"elementor-column elementor-col-33 elementor-inner-column elementor-element elementor-element-1693805b\" data-id=\"1693805b\" data-element_type=\"column\" data-e-type=\"column\">\n\t\t\t<div class=\"elementor-widget-wrap elementor-element-populated\">\n\t\t\t\t\t\t<div class=\"elementor-element elementor-element-c14a305 elementor-widget elementor-widget-text-editor\" data-id=\"c14a305\" data-element_type=\"widget\" data-e-type=\"widget\" data-widget_type=\"text-editor.default\">\n\t\t\t\t<div class=\"elementor-widget-container\">\n\t\t\t\t\t\t\t\t\t<div class=\"numbered\">\n<ol>\n \t<li>Praesent in libero vel pellentesque<\/li>\n \t<li>Proin fermentum eratin eget porttitor<\/li>\n \t<li>Mecenas quis consequat libero<\/li>\n \t<li>Nunc orci augue consequat<\/li>\n \t<li>Praesent in libero vel pellentesque<\/li>\n \t<li>Proin fermentum eratin eget porttitor<\/li>\n<\/ol>\n<\/div>\t\t\t\t\t\t\t\t<\/div>\n\t\t\t\t<\/div>\n\t\t\t\t\t<\/div>\n\t\t<\/div>\n\t\t\t\t<div class=\"elementor-column elementor-col-33 elementor-inner-column elementor-element elementor-element-10773253\" data-id=\"10773253\" data-element_type=\"column\" data-e-type=\"column\">\n\t\t\t<div class=\"elementor-widget-wrap elementor-element-populated\">\n\t\t\t\t\t\t<div class=\"elementor-element elementor-element-28f207de elementor-widget elementor-widget-text-editor\" data-id=\"28f207de\" data-element_type=\"widget\" data-e-type=\"widget\" data-widget_type=\"text-editor.default\">\n\t\t\t\t<div class=\"elementor-widget-container\">\n\t\t\t\t\t\t\t\t\t<div class=\"color numbered\">\n<ol>\n \t<li>Praesent in libero vel pellentesque<\/li>\n \t<li>Proin fermentum eratin eget porttitor<\/li>\n \t<li>Mecenas quis consequat libero<\/li>\n \t<li>Nunc orci augue consequat<\/li>\n \t<li>Praesent in libero vel pellentesque<\/li>\n \t<li>Proin fermentum eratin eget porttitor<\/li>\n<\/ol>\n<\/div>\t\t\t\t\t\t\t\t<\/div>\n\t\t\t\t<\/div>\n\t\t\t\t\t<\/div>\n\t\t<\/div>\n\t\t\t\t<div class=\"elementor-column elementor-col-33 elementor-inner-column elementor-element elementor-element-33545df8\" data-id=\"33545df8\" data-element_type=\"column\" data-e-type=\"column\">\n\t\t\t<div class=\"elementor-widget-wrap elementor-element-populated\">\n\t\t\t\t\t\t<div class=\"elementor-element elementor-element-3440e464 elementor-widget elementor-widget-text-editor\" data-id=\"3440e464\" data-element_type=\"widget\" data-e-type=\"widget\" data-widget_type=\"text-editor.default\">\n\t\t\t\t<div class=\"elementor-widget-container\">\n\t\t\t\t\t\t\t\t\t<div class=\"color numbered filled\">\n<ol>\n \t<li>Praesent in libero vel pellentesque<\/li>\n \t<li>Proin fermentum eratin eget porttitor<\/li>\n \t<li>Mecenas quis consequat libero<\/li>\n \t<li>Nunc orci augue consequat<\/li>\n \t<li>Praesent in libero vel pellentesque<\/li>\n \t<li>Proin fermentum eratin eget porttitor<\/li>\n<\/ol>\n<\/div>\t\t\t\t\t\t\t\t<\/div>\n\t\t\t\t<\/div>\n\t\t\t\t\t<\/div>\n\t\t<\/div>\n\t\t\t\t\t<\/div>\n\t\t<\/section>\n\t\t\t\t<div class=\"elementor-element elementor-element-6c8131cf elementor-widget elementor-widget-text-editor\" data-id=\"6c8131cf\" data-element_type=\"widget\" data-e-type=\"widget\" data-widget_type=\"text-editor.default\">\n\t\t\t\t<div class=\"elementor-widget-container\">\n\t\t\t\t\t\t\t\t\t<h1>T\u00edtulo H1<\/h1>\n<h2>T\u00edtulo H2<\/h2>\n<h3>T\u00edtulo H3<\/h3>\n<h4>T\u00edtulo H4<\/h4>\n<h5>T\u00edtulo H5<\/h5>\n<h6>T\u00edtulo H6<\/h6>\t\t\t\t\t\t\t\t<\/div>\n\t\t\t\t<\/div>\n\t\t\t\t\t<\/div>\n\t\t<\/div>\n\t\t\t\t\t<\/div>\n\t\t<\/section>\n\t\t\t\t<section class=\"elementor-section elementor-top-section elementor-element elementor-element-164ae634 elementor-section-boxed elementor-section-height-default elementor-section-height-default\" data-id=\"164ae634\" data-element_type=\"section\" data-e-type=\"section\">\n\t\t\t\t\t\t<div class=\"elementor-container elementor-column-gap-default\">\n\t\t\t\t\t<div class=\"elementor-column elementor-col-100 elementor-top-column elementor-element elementor-element-5c0d41ee\" data-id=\"5c0d41ee\" data-element_type=\"column\" data-e-type=\"column\">\n\t\t\t<div class=\"elementor-widget-wrap elementor-element-populated\">\n\t\t\t\t\t\t<div class=\"elementor-element elementor-element-75355b4f elementor-widget elementor-widget-listeo-headline\" data-id=\"75355b4f\" data-element_type=\"widget\" data-e-type=\"widget\" data-widget_type=\"listeo-headline.default\">\n\t\t\t\t<div class=\"elementor-widget-container\">\n\t\t\t\t\t\t\t<h3 \n\t\tstyle=\"text-align:left;\" class=\"headline  headline-aligned-to-left  headline-box\"> No dej\u00f3 subt\u00edtulo <\/h3>\n\t\t\t\t\t\t<\/div>\n\t\t\t\t<\/div>\n\t\t\t\t<div class=\"elementor-element elementor-element-170239a5 elementor-widget-divider--view-line elementor-widget elementor-widget-divider\" data-id=\"170239a5\" data-element_type=\"widget\" data-e-type=\"widget\" data-widget_type=\"divider.default\">\n\t\t\t\t<div class=\"elementor-widget-container\">\n\t\t\t\t\t\t\t<div class=\"elementor-divider\">\n\t\t\t<span class=\"elementor-divider-separator\">\n\t\t\t\t\t\t<\/span>\n\t\t<\/div>\n\t\t\t\t\t\t<\/div>\n\t\t\t\t<\/div>\n\t\t\t\t<div class=\"elementor-element elementor-element-36565850 elementor-widget elementor-widget-listeo-headline\" data-id=\"36565850\" data-element_type=\"widget\" data-e-type=\"widget\" data-widget_type=\"listeo-headline.default\">\n\t\t\t\t<div class=\"elementor-widget-container\">\n\t\t\t\t\t\t\t<h3 \n\t\tstyle=\"text-align:left;\" class=\"headline  headline-aligned-to-left  headline-box  headline-with-subtitle\"> No dej\u00f3 subt\u00edtulo  <span > Este es un subt\u00edtulo debajo del t\u00edtulo.<\/span><\/h3>\n\t\t\t\t\t\t<\/div>\n\t\t\t\t<\/div>\n\t\t\t\t<div class=\"elementor-element elementor-element-7a88a34d elementor-widget-divider--view-line elementor-widget elementor-widget-divider\" data-id=\"7a88a34d\" data-element_type=\"widget\" data-e-type=\"widget\" data-widget_type=\"divider.default\">\n\t\t\t\t<div class=\"elementor-widget-container\">\n\t\t\t\t\t\t\t<div class=\"elementor-divider\">\n\t\t\t<span class=\"elementor-divider-separator\">\n\t\t\t\t\t\t<\/span>\n\t\t<\/div>\n\t\t\t\t\t\t<\/div>\n\t\t\t\t<\/div>\n\t\t\t\t<div class=\"elementor-element elementor-element-69d5ac65 elementor-widget elementor-widget-listeo-headline\" data-id=\"69d5ac65\" data-element_type=\"widget\" data-e-type=\"widget\" data-widget_type=\"listeo-headline.default\">\n\t\t\t\t<div class=\"elementor-widget-container\">\n\t\t\t\t\t\t\t<h3 \n\t\tstyle=\"text-align:right;\" class=\"headline  headline-aligned-to-right  headline-box\"> Derecha Sin subt\u00edtulos <\/h3>\n\t\t\t\t\t\t<\/div>\n\t\t\t\t<\/div>\n\t\t\t\t<div class=\"elementor-element elementor-element-790dbf5c elementor-widget-divider--view-line elementor-widget elementor-widget-divider\" data-id=\"790dbf5c\" data-element_type=\"widget\" data-e-type=\"widget\" data-widget_type=\"divider.default\">\n\t\t\t\t<div class=\"elementor-widget-container\">\n\t\t\t\t\t\t\t<div class=\"elementor-divider\">\n\t\t\t<span class=\"elementor-divider-separator\">\n\t\t\t\t\t\t<\/span>\n\t\t<\/div>\n\t\t\t\t\t\t<\/div>\n\t\t\t\t<\/div>\n\t\t\t\t<div class=\"elementor-element elementor-element-7058ad80 elementor-widget elementor-widget-listeo-headline\" data-id=\"7058ad80\" data-element_type=\"widget\" data-e-type=\"widget\" data-widget_type=\"listeo-headline.default\">\n\t\t\t\t<div class=\"elementor-widget-container\">\n\t\t\t\t\t\t\t<h3 \n\t\tstyle=\"text-align:right;\" class=\"headline  headline-aligned-to-right  headline-box  headline-with-subtitle\"> Derecha Sin subt\u00edtulos  <span > Este es un subt\u00edtulo debajo del t\u00edtulo.<\/span><\/h3>\n\t\t\t\t\t\t<\/div>\n\t\t\t\t<\/div>\n\t\t\t\t<div class=\"elementor-element elementor-element-3cdbafbb elementor-widget-divider--view-line elementor-widget elementor-widget-divider\" data-id=\"3cdbafbb\" data-element_type=\"widget\" data-e-type=\"widget\" data-widget_type=\"divider.default\">\n\t\t\t\t<div class=\"elementor-widget-container\">\n\t\t\t\t\t\t\t<div class=\"elementor-divider\">\n\t\t\t<span class=\"elementor-divider-separator\">\n\t\t\t\t\t\t<\/span>\n\t\t<\/div>\n\t\t\t\t\t\t<\/div>\n\t\t\t\t<\/div>\n\t\t\t\t<div class=\"elementor-element elementor-element-54edde43 elementor-widget elementor-widget-listeo-headline\" data-id=\"54edde43\" data-element_type=\"widget\" data-e-type=\"widget\" data-widget_type=\"listeo-headline.default\">\n\t\t\t\t<div class=\"elementor-widget-container\">\n\t\t\t\t\t\t\t<h3 \n\t\tstyle=\"text-align:center;\" class=\"headline  headline-aligned-to-center headline-extra-spacing headline-box\"> Centro Sin subt\u00edtulos <\/h3>\n\t\t\t\t\t\t<\/div>\n\t\t\t\t<\/div>\n\t\t\t\t<div class=\"elementor-element elementor-element-6ce40a62 elementor-widget-divider--view-line elementor-widget elementor-widget-divider\" data-id=\"6ce40a62\" data-element_type=\"widget\" data-e-type=\"widget\" data-widget_type=\"divider.default\">\n\t\t\t\t<div class=\"elementor-widget-container\">\n\t\t\t\t\t\t\t<div class=\"elementor-divider\">\n\t\t\t<span class=\"elementor-divider-separator\">\n\t\t\t\t\t\t<\/span>\n\t\t<\/div>\n\t\t\t\t\t\t<\/div>\n\t\t\t\t<\/div>\n\t\t\t\t<div class=\"elementor-element elementor-element-7a216682 elementor-widget elementor-widget-listeo-headline\" data-id=\"7a216682\" data-element_type=\"widget\" data-e-type=\"widget\" data-widget_type=\"listeo-headline.default\">\n\t\t\t\t<div class=\"elementor-widget-container\">\n\t\t\t\t\t\t\t<h3 \n\t\tstyle=\"text-align:center;\" class=\"headline  headline-aligned-to-center headline-extra-spacing headline-box  headline-with-subtitle\"> Centro Sin subt\u00edtulos  <span > Este es un subt\u00edtulo debajo del t\u00edtulo.<\/span><\/h3>\n\t\t\t\t\t\t<\/div>\n\t\t\t\t<\/div>\n\t\t\t\t<div class=\"elementor-element elementor-element-3e1d6664 elementor-widget-divider--view-line elementor-widget elementor-widget-divider\" data-id=\"3e1d6664\" data-element_type=\"widget\" data-e-type=\"widget\" data-widget_type=\"divider.default\">\n\t\t\t\t<div class=\"elementor-widget-container\">\n\t\t\t\t\t\t\t<div class=\"elementor-divider\">\n\t\t\t<span class=\"elementor-divider-separator\">\n\t\t\t\t\t\t<\/span>\n\t\t<\/div>\n\t\t\t\t\t\t<\/div>\n\t\t\t\t<\/div>\n\t\t\t\t<div class=\"elementor-element elementor-element-5e40776d elementor-widget elementor-widget-listeo-headline\" data-id=\"5e40776d\" data-element_type=\"widget\" data-e-type=\"widget\" data-widget_type=\"listeo-headline.default\">\n\t\t\t\t<div class=\"elementor-widget-container\">\n\t\t\t\t\t\t\t<h3 \n\t\tstyle=\"text-align:center;\" class=\"headline  headline-aligned-to-center headline-extra-spacing headline-box  headline-with-subtitle\"> Subt\u00edtulo largo central  <span > Recopilamos las opiniones de nuestros usuarios para que puedas obtener una opini\u00f3n honesta sobre c\u00f3mo es realmente la experiencia con nuestro sitio web.<\/span><\/h3>\n\t\t\t\t\t\t<\/div>\n\t\t\t\t<\/div>\n\t\t\t\t\t<\/div>\n\t\t<\/div>\n\t\t\t\t\t<\/div>\n\t\t<\/section>\n\t\t\t\t<\/div>","protected":false},"excerpt":{"rendered":"<p>Blockquote Mauris aliquet ultricies ante, non faucibus ante gravida sed. Sed ultrices pellentesque purus, vulputate volutpat ipsum hendrerit sed neque sed sapien rutrum laoreet justo ultrices. In pellentesque lorem condimentum dui morbi pulvinar dui non quam pretium ut lacinia tortor. Inline Elements Etiam elit est, tincidunt non tincidunt This is sup element\u00a0elit, sed do. Mauris [&hellip;]<\/p>\n","protected":false},"author":1,"featured_media":0,"parent":0,"menu_order":0,"comment_status":"closed","ping_status":"closed","template":"","meta":{"footnotes":""},"class_list":["post-53","page","type-page","status-publish","hentry"],"_links":{"self":[{"href":"https:\/\/ant.sanrafael360.com\/es\/wp-json\/wp\/v2\/pages\/53","targetHints":{"allow":["GET"]}}],"collection":[{"href":"https:\/\/ant.sanrafael360.com\/es\/wp-json\/wp\/v2\/pages"}],"about":[{"href":"https:\/\/ant.sanrafael360.com\/es\/wp-json\/wp\/v2\/types\/page"}],"author":[{"embeddable":true,"href":"https:\/\/ant.sanrafael360.com\/es\/wp-json\/wp\/v2\/users\/1"}],"replies":[{"embeddable":true,"href":"https:\/\/ant.sanrafael360.com\/es\/wp-json\/wp\/v2\/comments?post=53"}],"version-history":[{"count":0,"href":"https:\/\/ant.sanrafael360.com\/es\/wp-json\/wp\/v2\/pages\/53\/revisions"}],"wp:attachment":[{"href":"https:\/\/ant.sanrafael360.com\/es\/wp-json\/wp\/v2\/media?parent=53"}],"curies":[{"name":"wp","href":"https:\/\/api.w.org\/{rel}","templated":true}]}}